{"id":82,"date":"2023-07-21T20:46:08","date_gmt":"2023-07-21T20:46:08","guid":{"rendered":"https:\/\/wind-think.com\/en\/?page_id=82"},"modified":"2023-08-07T12:48:38","modified_gmt":"2023-08-07T12:48:38","slug":"references","status":"publish","type":"page","link":"https:\/\/wind-think.com\/en\/references\/","title":{"rendered":"References"},"content":{"rendered":"<p>[et_pb_section fb_built=&#8221;1&#8243; fullwidth=&#8221;on&#8221; _builder_version=&#8221;4.21.0&#8243; _module_preset=&#8221;default&#8221; global_colors_info=&#8221;{}&#8221;][et_pb_fullwidth_post_title text_color=&#8221;light&#8221; text_background=&#8221;on&#8221; _builder_version=&#8221;4.21.0&#8243; _module_preset=&#8221;default&#8221; title_font=&#8221;|700|||||||&#8221; title_text_color=&#8221;#E09900&#8243; min_height=&#8221;55.3px&#8221; custom_margin=&#8221;-95px|||||&#8221; custom_padding=&#8221;0px|||||&#8221; global_colors_info=&#8221;{}&#8221;][\/et_pb_fullwidth_post_title][\/et_pb_section][et_pb_section fb_built=&#8221;1&#8243; fullwidth=&#8221;on&#8221; _builder_version=&#8221;4.21.0&#8243; _module_preset=&#8221;default&#8221; global_colors_info=&#8221;{}&#8221;][et_pb_fullwidth_image src=&#8221;https:\/\/wind-think.com\/en\/wp-content\/uploads\/2023\/08\/page-tittle-scaled.jpg&#8221; _builder_version=&#8221;4.21.0&#8243; _module_preset=&#8221;default&#8221; global_colors_info=&#8221;{}&#8221;][\/et_pb_fullwidth_image][\/et_pb_section][et_pb_section fb_built=&#8221;1&#8243; _builder_version=&#8221;4.21.0&#8243; _module_preset=&#8221;default&#8221; global_colors_info=&#8221;{}&#8221;][et_pb_row column_structure=&#8221;1_3,2_3&#8243; _builder_version=&#8221;4.21.0&#8243; _module_preset=&#8221;default&#8221; custom_padding=&#8221;27px|||||&#8221; global_colors_info=&#8221;{}&#8221;][et_pb_column type=&#8221;1_3&#8243; _builder_version=&#8221;4.21.0&#8243; _module_preset=&#8221;default&#8221; custom_padding=&#8221;|||16px|false|false&#8221; global_colors_info=&#8221;{}&#8221;][et_pb_text _builder_version=&#8221;4.21.0&#8243; _module_preset=&#8221;default&#8221; header_font=&#8221;Almarai|700|||||||&#8221; background_color=&#8221;#261c4f&#8221; min_height=&#8221;300px&#8221; custom_margin=&#8221;-135px|6px|6px||false|false&#8221; custom_padding=&#8221;140px||20px|16px|false|false&#8221; global_colors_info=&#8221;{}&#8221;]<\/p>\n<h1 style=\"text-align: left;\"><span style=\"color: #ffffff;\">References<\/span><\/h1>\n<p><span style=\"color: #ffffff;\"><\/span><\/p>\n<p>&nbsp;<\/p>\n<p>[\/et_pb_text][\/et_pb_column][et_pb_column type=&#8221;2_3&#8243; _builder_version=&#8221;4.21.0&#8243; _module_preset=&#8221;default&#8221; global_colors_info=&#8221;{}&#8221;][et_pb_text _builder_version=&#8221;4.21.0&#8243; _module_preset=&#8221;default&#8221; inline_fonts=&#8221;Times New Roman&#8221; global_colors_info=&#8221;{}&#8221;][\/et_pb_text][\/et_pb_column][\/et_pb_row][\/et_pb_section][et_pb_section fb_built=&#8221;1&#8243; _builder_version=&#8221;4.21.0&#8243; _module_preset=&#8221;default&#8221; custom_padding=&#8221;0px||5px|||&#8221; global_colors_info=&#8221;{}&#8221;][et_pb_row _builder_version=&#8221;4.21.0&#8243; _module_preset=&#8221;default&#8221; custom_padding=&#8221;2px||0px|||&#8221; global_colors_info=&#8221;{}&#8221;][et_pb_column type=&#8221;4_4&#8243; _builder_version=&#8221;4.21.0&#8243; _module_preset=&#8221;default&#8221; global_colors_info=&#8221;{}&#8221;][et_pb_divider _builder_version=&#8221;4.21.0&#8243; _module_preset=&#8221;default&#8221; global_colors_info=&#8221;{}&#8221;][\/et_pb_divider][\/et_pb_column][\/et_pb_row][\/et_pb_section][et_pb_section fb_built=&#8221;1&#8243; admin_label=&#8221;section&#8221; _builder_version=&#8221;4.16&#8243; custom_margin=&#8221;-14px|||||&#8221; custom_padding=&#8221;2px||2px|||&#8221; global_colors_info=&#8221;{}&#8221;][et_pb_row column_structure=&#8221;3_5,2_5&#8243; admin_label=&#8221;row&#8221; _builder_version=&#8221;4.21.0&#8243; background_size=&#8221;initial&#8221; background_position=&#8221;top_left&#8221; background_repeat=&#8221;repeat&#8221; custom_margin=&#8221;||||false|false&#8221; custom_padding=&#8221;28px||0px|0px|false|false&#8221; global_colors_info=&#8221;{}&#8221;][et_pb_column type=&#8221;3_5&#8243; _builder_version=&#8221;4.16&#8243; custom_padding=&#8221;|||&#8221; global_colors_info=&#8221;{}&#8221; custom_padding__hover=&#8221;|||&#8221;][et_pb_text admin_label=&#8221;Text&#8221; _builder_version=&#8221;4.16&#8243; background_size=&#8221;initial&#8221; background_position=&#8221;top_left&#8221; background_repeat=&#8221;repeat&#8221; global_colors_info=&#8221;{}&#8221;]<\/p>\n<h4><a href=\"https:\/\/wind-think.com\/references#\">IPSA INSTITUT<\/a><\/h4>\n<p>&nbsp;<\/p>\n<p><strong>Wind Resource Assessment and Technical Due Diligence for 25 MW Ivan Sedlo WEPP<\/strong><\/p>\n<p>Capacity: 25 MW<br \/>Country: Bosnia and Herzegovina<br \/>Brief Description: <br \/>\u2022 Wind Resource Measurement Campaign Review<br \/>\u2022 Wind farm Layout Review<br \/>\u2022 Energy Yield Calculation Review<br \/>\u2022 Independent Energy yield calculation<\/p>\n<p class=\"western\" lang=\"en-GB\" align=\"justify\">\n<p>[\/et_pb_text][\/et_pb_column][et_pb_column type=&#8221;2_5&#8243; _builder_version=&#8221;4.16&#8243; custom_padding=&#8221;|||&#8221; global_colors_info=&#8221;{}&#8221; custom_padding__hover=&#8221;|||&#8221;][et_pb_image src=&#8221;https:\/\/wind-think.com\/en\/wp-content\/uploads\/2023\/07\/ipsa.png&#8221; title_text=&#8221;ipsa&#8221; _builder_version=&#8221;4.21.0&#8243; _module_preset=&#8221;default&#8221; animation_style=&#8221;zoom&#8221; box_shadow_style=&#8221;preset3&#8243; global_colors_info=&#8221;{}&#8221;][\/et_pb_image][\/et_pb_column][\/et_pb_row][et_pb_row _builder_version=&#8221;4.21.0&#8243; _module_preset=&#8221;default&#8221; global_colors_info=&#8221;{}&#8221;][et_pb_column type=&#8221;4_4&#8243; _builder_version=&#8221;4.21.0&#8243; _module_preset=&#8221;default&#8221; global_colors_info=&#8221;{}&#8221;][et_pb_divider _builder_version=&#8221;4.21.0&#8243; _module_preset=&#8221;default&#8221; global_colors_info=&#8221;{}&#8221;][\/et_pb_divider][\/et_pb_column][\/et_pb_row][et_pb_row column_structure=&#8221;3_5,2_5&#8243; admin_label=&#8221;row&#8221; _builder_version=&#8221;4.16&#8243; background_size=&#8221;initial&#8221; background_position=&#8221;top_left&#8221; background_repeat=&#8221;repeat&#8221; custom_padding=&#8221;28px||0px|||&#8221; global_colors_info=&#8221;{}&#8221;][et_pb_column type=&#8221;3_5&#8243; _builder_version=&#8221;4.16&#8243; custom_padding=&#8221;|||&#8221; global_colors_info=&#8221;{}&#8221; custom_padding__hover=&#8221;|||&#8221;][et_pb_text admin_label=&#8221;Text&#8221; _builder_version=&#8221;4.16&#8243; background_size=&#8221;initial&#8221; background_position=&#8221;top_left&#8221; background_repeat=&#8221;repeat&#8221; global_colors_info=&#8221;{}&#8221;]<\/p>\n<h4><a href=\"https:\/\/wind-think.com\/references#\">SAB-WIND TEAM<\/a><\/h4>\n<p><strong><\/strong><\/p>\n<p><strong>Consultancy services for Review of turbine supply agreement for Rohrsheim Wind Farm<\/strong><\/p>\n<p>Country: Germany<br \/>Brief description\/Deliverables: <br \/>Review and commenting of Turbine supply agreement for a wind farm<\/p>\n<p>&nbsp;<\/p>\n<p>&nbsp;<\/p>\n<p class=\"western\" lang=\"en-GB\" align=\"justify\">\n<p>[\/et_pb_text][\/et_pb_column][et_pb_column type=&#8221;2_5&#8243; _builder_version=&#8221;4.16&#8243; custom_padding=&#8221;|||&#8221; global_colors_info=&#8221;{}&#8221; custom_padding__hover=&#8221;|||&#8221;][et_pb_image src=&#8221;https:\/\/wind-think.com\/en\/wp-content\/uploads\/2023\/07\/sab.png&#8221; title_text=&#8221;sab&#8221; _builder_version=&#8221;4.21.0&#8243; _module_preset=&#8221;default&#8221; animation_style=&#8221;zoom&#8221; box_shadow_style=&#8221;preset3&#8243; global_colors_info=&#8221;{}&#8221;][\/et_pb_image][\/et_pb_column][\/et_pb_row][et_pb_row _builder_version=&#8221;4.21.0&#8243; _module_preset=&#8221;default&#8221; global_colors_info=&#8221;{}&#8221;][et_pb_column type=&#8221;4_4&#8243; _builder_version=&#8221;4.21.0&#8243; _module_preset=&#8221;default&#8221; global_colors_info=&#8221;{}&#8221;][et_pb_divider _builder_version=&#8221;4.21.0&#8243; _module_preset=&#8221;default&#8221; global_colors_info=&#8221;{}&#8221;][\/et_pb_divider][\/et_pb_column][\/et_pb_row][et_pb_row column_structure=&#8221;3_5,2_5&#8243; admin_label=&#8221;row&#8221; _builder_version=&#8221;4.16&#8243; background_size=&#8221;initial&#8221; background_position=&#8221;top_left&#8221; background_repeat=&#8221;repeat&#8221; custom_padding=&#8221;28px||0px|||&#8221; global_colors_info=&#8221;{}&#8221;][et_pb_column type=&#8221;3_5&#8243; _builder_version=&#8221;4.16&#8243; custom_padding=&#8221;|||&#8221; global_colors_info=&#8221;{}&#8221; custom_padding__hover=&#8221;|||&#8221;][et_pb_text admin_label=&#8221;Text&#8221; _builder_version=&#8221;4.16&#8243; background_size=&#8221;initial&#8221; background_position=&#8221;top_left&#8221; background_repeat=&#8221;repeat&#8221; global_colors_info=&#8221;{}&#8221;]<\/p>\n<h4><a href=\"https:\/\/wind-think.com\/references#\"><\/a><\/h4>\n<h4><a href=\"https:\/\/wind-think.com\/references#\">ARTIB\u0130R ENERJ\u0130 A.\u015e. &#8211; Z\u0130RAAT KATILIM BANKASI A.\u015e. &#8211; VAKIF KATILIM BANKASI A.\u015e. -EMLAK KATILIM BANKASI A.\u015e<\/a><\/h4>\n<h4><a href=\"https:\/\/wind-think.com\/references#\">\u00a0<\/a><\/h4>\n<p><strong>Due Diligence for Lender<\/strong><\/p>\n<p>Technical and financial due diligence prior to financial closure of Gaziosmanpa\u015fa WEPP<br \/>Capacity: 50 MW<br \/>Country: T\u00fcrkiye<br \/>Brief description: <br \/>\u2022 Review of Legislation and Permits<br \/>\u2022 Review of Supplier Contracts<br \/>\u2022 Presentation and Meeting at the Lender\u2019s office<\/p>\n<p class=\"western\" lang=\"en-GB\" align=\"justify\">\n<p>[\/et_pb_text][\/et_pb_column][et_pb_column type=&#8221;2_5&#8243; _builder_version=&#8221;4.16&#8243; custom_padding=&#8221;|||&#8221; global_colors_info=&#8221;{}&#8221; custom_padding__hover=&#8221;|||&#8221;][et_pb_image src=&#8221;https:\/\/wind-think.com\/en\/wp-content\/uploads\/2023\/07\/tr-scaled.jpg&#8221; title_text=&#8221;tr&#8221; _builder_version=&#8221;4.21.0&#8243; _module_preset=&#8221;default&#8221; animation_style=&#8221;zoom&#8221; box_shadow_style=&#8221;preset3&#8243; global_colors_info=&#8221;{}&#8221;][\/et_pb_image][\/et_pb_column][\/et_pb_row][et_pb_row _builder_version=&#8221;4.21.0&#8243; _module_preset=&#8221;default&#8221; custom_padding=&#8221;72px|||||&#8221; global_colors_info=&#8221;{}&#8221;][et_pb_column type=&#8221;4_4&#8243; _builder_version=&#8221;4.21.0&#8243; _module_preset=&#8221;default&#8221; global_colors_info=&#8221;{}&#8221;][et_pb_divider _builder_version=&#8221;4.21.0&#8243; _module_preset=&#8221;default&#8221; global_colors_info=&#8221;{}&#8221;][\/et_pb_divider][\/et_pb_column][\/et_pb_row][et_pb_row column_structure=&#8221;3_5,2_5&#8243; admin_label=&#8221;row&#8221; _builder_version=&#8221;4.16&#8243; background_size=&#8221;initial&#8221; background_position=&#8221;top_left&#8221; background_repeat=&#8221;repeat&#8221; custom_padding=&#8221;28px||0px|||&#8221; global_colors_info=&#8221;{}&#8221;][et_pb_column type=&#8221;3_5&#8243; _builder_version=&#8221;4.16&#8243; custom_padding=&#8221;|||&#8221; global_colors_info=&#8221;{}&#8221; custom_padding__hover=&#8221;|||&#8221;][et_pb_text admin_label=&#8221;Text&#8221; _builder_version=&#8221;4.16&#8243; background_size=&#8221;initial&#8221; background_position=&#8221;top_left&#8221; background_repeat=&#8221;repeat&#8221; global_colors_info=&#8221;{}&#8221;]<\/p>\n<h4><a href=\"https:\/\/wind-think.com\/references#\">SANKO ENERJ\u0130 &#8211; ICBC T\u00dcRK\u0130YE<\/a><\/h4>\n<p>&nbsp;<\/p>\n<p><strong>Due Diligence for Lender<\/strong><\/p>\n<p>Capacity: 54 MW<br \/>Country: Turkiye<br \/>Brief description:<br \/>Due Diligence Prior to Financial Closure:<br \/>\u2022 Review of Electrical Balance of Plant (eBoP)<br \/>\u2022 Review of Civil Balance of Plant (cBoP)<br \/>\u2022 Review of Permits<br \/>\u2022 Review of Supplier Contracts and Quality<br \/>\u2022 Financial Due Diligence<br \/>Wind Resource Assessment and IEC Site Assessment;<br \/>Construction Progress Monitoring Service;<\/p>\n<p class=\"western\" lang=\"en-GB\" align=\"justify\">\n<p>[\/et_pb_text][\/et_pb_column][et_pb_column type=&#8221;2_5&#8243; _builder_version=&#8221;4.16&#8243; custom_padding=&#8221;|||&#8221; global_colors_info=&#8221;{}&#8221; custom_padding__hover=&#8221;|||&#8221;][et_pb_image src=&#8221;https:\/\/wind-think.com\/en\/wp-content\/uploads\/2023\/07\/SANKO-ENERJI.jpg&#8221; title_text=&#8221;SANKO ENERJ\u0130&#8221; _builder_version=&#8221;4.21.0&#8243; _module_preset=&#8221;default&#8221; animation_style=&#8221;zoom&#8221; box_shadow_style=&#8221;preset3&#8243; global_colors_info=&#8221;{}&#8221;][\/et_pb_image][\/et_pb_column][\/et_pb_row][\/et_pb_section][et_pb_section fb_built=&#8221;1&#8243; theme_builder_area=&#8221;post_content&#8221; _builder_version=&#8221;4.21.0&#8243; _module_preset=&#8221;default&#8221; custom_padding=&#8221;2px||5px|||&#8221;][et_pb_row _builder_version=&#8221;4.21.0&#8243; _module_preset=&#8221;default&#8221; theme_builder_area=&#8221;post_content&#8221; custom_padding=&#8221;||0px|||&#8221;][et_pb_column _builder_version=&#8221;4.21.0&#8243; _module_preset=&#8221;default&#8221; type=&#8221;4_4&#8243; theme_builder_area=&#8221;post_content&#8221;][et_pb_divider _builder_version=&#8221;4.21.0&#8243; _module_preset=&#8221;default&#8221; theme_builder_area=&#8221;post_content&#8221; hover_enabled=&#8221;0&#8243; sticky_enabled=&#8221;0&#8243;][\/et_pb_divider][\/et_pb_column][\/et_pb_row][\/et_pb_section][et_pb_section fb_built=&#8221;1&#8243; theme_builder_area=&#8221;post_content&#8221; _builder_version=&#8221;4.21.0&#8243; _module_preset=&#8221;default&#8221; custom_padding=&#8221;1px|||||&#8221;][et_pb_row _builder_version=&#8221;4.21.0&#8243; _module_preset=&#8221;default&#8221; column_structure=&#8221;3_5,2_5&#8243; theme_builder_area=&#8221;post_content&#8221;][et_pb_column _builder_version=&#8221;4.21.0&#8243; _module_preset=&#8221;default&#8221; type=&#8221;3_5&#8243; theme_builder_area=&#8221;post_content&#8221;][et_pb_text _builder_version=&#8221;4.21.0&#8243; _module_preset=&#8221;default&#8221; theme_builder_area=&#8221;post_content&#8221; hover_enabled=&#8221;0&#8243; sticky_enabled=&#8221;0&#8243;]<\/p>\n<h4>G\u00dcR\u0130\u015e \u0130N\u015eAAT VE M\u00dcHEND\u0130SL\u0130K A.\u015e.<\/h4>\n<p><strong><\/strong><\/p>\n<p><strong>Owner\u2019s Engineering Services in Project Development and Evaluation Services for 151,2 MW Volovets Wind Energy Power Project<\/strong><\/p>\n<p>Country: Ukraine<br \/>Capacity: 151,2 MW<br \/>Brief description:<br \/>\u2022 Evaluation of the AEP results provided to the CLIENT by 4 different WTG models.<br \/>\u2022 Proposal of the number of met masts and their height, number of sensors to install and assembly scheme on the masts<br \/>\u2022 Supervision of met mast instrumentation<br \/>\u2022 Operation of wind measurement campaigns<br \/>\u2022 Individual calculation of AEP results including uncertainty and losses for 5 WTG models and 1 hub-height.<br \/>\u2022 Evaluation of technical documentation provided by WTG suppliers for each offered mode<br \/>\u2022 Layout optimisation based on the proposed WTG model.<\/p>\n<p>Design Review:<br \/>\u2022 Review of preliminary (PS) electrical design<br \/>\u2022 Review of electrical implementation (WD) design<br \/>\u2022 Review of electrical as-built design<\/p>\n<p>[\/et_pb_text][\/et_pb_column][et_pb_column _builder_version=&#8221;4.21.0&#8243; _module_preset=&#8221;default&#8221; type=&#8221;2_5&#8243; theme_builder_area=&#8221;post_content&#8221;][et_pb_image src=&#8221;https:\/\/wind-think.com\/en\/wp-content\/uploads\/2023\/08\/gueris.jpg&#8221; _builder_version=&#8221;4.21.0&#8243; _module_preset=&#8221;default&#8221; theme_builder_area=&#8221;post_content&#8221; title_text=&#8221;gueris&#8221; hover_enabled=&#8221;0&#8243; sticky_enabled=&#8221;0&#8243;][\/et_pb_image][\/et_pb_column][\/et_pb_row][et_pb_row _builder_version=&#8221;4.21.0&#8243; _module_preset=&#8221;default&#8221; theme_builder_area=&#8221;post_content&#8221;][et_pb_column _builder_version=&#8221;4.21.0&#8243; _module_preset=&#8221;default&#8221; type=&#8221;4_4&#8243; theme_builder_area=&#8221;post_content&#8221;][et_pb_divider _builder_version=&#8221;4.21.0&#8243; _module_preset=&#8221;default&#8221; theme_builder_area=&#8221;post_content&#8221; hover_enabled=&#8221;0&#8243; sticky_enabled=&#8221;0&#8243;][\/et_pb_divider][\/et_pb_column][\/et_pb_row][et_pb_row _builder_version=&#8221;4.21.0&#8243; _module_preset=&#8221;default&#8221; column_structure=&#8221;3_5,2_5&#8243; theme_builder_area=&#8221;post_content&#8221;][et_pb_column _builder_version=&#8221;4.21.0&#8243; _module_preset=&#8221;default&#8221; type=&#8221;3_5&#8243; theme_builder_area=&#8221;post_content&#8221;][et_pb_text _builder_version=&#8221;4.21.0&#8243; _module_preset=&#8221;default&#8221; theme_builder_area=&#8221;post_content&#8221; hover_enabled=&#8221;0&#8243; sticky_enabled=&#8221;0&#8243;]<\/p>\n<h4>SANKO ENERJ\u0130<\/h4>\n<p><strong><\/strong><\/p>\n<p><strong><\/strong><\/p>\n<p><strong>Owner\u2019s Engineering Services in Project Development and Evaluation Services for 73.6MW<\/strong><\/p>\n<p>G\u00fcney-1 Wind Energy Power Project<br \/>Country: T\u00fcrkiye<br \/>Capacity: 73.6 MW<br \/>Brief description:<br \/>\u2022 Evaluation of the current project portfolio<br \/>\u2022 Proposal of the number of met masts and their height, number of sensors to install and assembly scheme on the masts<br \/>\u2022 Supervision of met mast instrumentation<br \/>\u2022 Operation of wind measurement campaigns<br \/>\u2022 Weekly review meetings for project evolution and status follow-up, planned in advance, for one-year period.<br \/>\u2022 Evaluation of any new wind farm project in the scope of technical due diligence<br \/>\u2022 Participation in meetings with third parties such as wind turbine manufacturers and or other related service providers<\/p>\n<p>[\/et_pb_text][\/et_pb_column][et_pb_column _builder_version=&#8221;4.21.0&#8243; _module_preset=&#8221;default&#8221; type=&#8221;2_5&#8243; theme_builder_area=&#8221;post_content&#8221;][et_pb_image src=&#8221;https:\/\/wind-think.com\/en\/wp-content\/uploads\/2023\/07\/SANKO-ENERJI.jpg&#8221; _builder_version=&#8221;4.21.0&#8243; _module_preset=&#8221;default&#8221; theme_builder_area=&#8221;post_content&#8221; title_text=&#8221;SANKO ENERJ\u0130&#8221; hover_enabled=&#8221;0&#8243; sticky_enabled=&#8221;0&#8243;][\/et_pb_image][\/et_pb_column][\/et_pb_row][et_pb_row _builder_version=&#8221;4.21.0&#8243; _module_preset=&#8221;default&#8221; theme_builder_area=&#8221;post_content&#8221;][et_pb_column _builder_version=&#8221;4.21.0&#8243; _module_preset=&#8221;default&#8221; type=&#8221;4_4&#8243; theme_builder_area=&#8221;post_content&#8221;][et_pb_divider _builder_version=&#8221;4.21.0&#8243; _module_preset=&#8221;default&#8221; theme_builder_area=&#8221;post_content&#8221; hover_enabled=&#8221;0&#8243; sticky_enabled=&#8221;0&#8243;][\/et_pb_divider][\/et_pb_column][\/et_pb_row][\/et_pb_section]<\/p>\n","protected":false},"excerpt":{"rendered":"<p>References &nbsp;IPSA INSTITUT &nbsp; Wind Resource Assessment and Technical Due Diligence for 25 MW Ivan Sedlo WEPP Capacity: 25 MWCountry: Bosnia and HerzegovinaBrief Description: \u2022 Wind Resource Measurement Campaign Review\u2022 Wind farm Layout Review\u2022 Energy Yield Calculation Review\u2022 Independent Energy yield calculation SAB-WIND TEAM Consultancy services for Review of turbine supply agreement for Rohrsheim Wind [&hellip;]<\/p>\n","protected":false},"author":1,"featured_media":0,"parent":0,"menu_order":0,"comment_status":"closed","ping_status":"closed","template":"","meta":{"_et_pb_use_builder":"on","_et_pb_old_content":"<p class=\"western\" lang=\"en-GB\" align=\"justify\"><span lang=\"tr-TR\"><img class=\"size-medium wp-image-9 alignright\" src=\"https:\/\/wind-think.com\/en\/wp-content\/uploads\/2023\/07\/about-300x200.jpg\" alt=\"\" width=\"300\" height=\"200\" \/>WINDTHINK is an engineering service provider specialised in energy projects. With a multidisciplineary team of experts, With the goal to be the \u201cone stop shop\u201d for engineering services in energy projects, WINDTHINK coveres the complete range of services that can bring a project from the idea stage to ready do build stage. <\/span><\/p>\r\n<p class=\"western\" lang=\"en-GB\" align=\"justify\"><span lang=\"tr-TR\">Starting from greenfield project development, WINDTHINK provides support in Macro and Micro scale project site selection, determination of measurement mast location(s) based on a preliminary layout, preperation of pre-feasibility studies, measurement campaign monitoring and bankable resource assessment and energy yield estimation studies (together with MEGAJOULE). <\/span><\/p>\r\n<p class=\"western\" lang=\"en-GB\" align=\"justify\"><span lang=\"tr-TR\">WINDTHINK provides complete electrical and civil balance of plant designs including but not limited to substation design, MV cabling design, design of the power transmission line, wind turbine foundation design and design of roads, hardstands and utility buildings of power plants. <\/span><\/p>\r\n<p class=\"western\" lang=\"en-GB\" align=\"justify\"><span lang=\"tr-TR\">Within the scope of Owner\u2019s Engineering, WINDTHINK provides support in prepreation and management of tenders consultancy during contract phase and monitoring of construction work. <\/span><\/p>\r\n<p class=\"western\" lang=\"en-GB\" align=\"justify\"><span lang=\"tr-TR\">WINDTHINK provides in depth technical and financial feasibility studies as Lender\u2019s engineer or to investors interested in the purchase of energy projects. <\/span><\/p>\r\n<p class=\"western\" lang=\"en-GB\" align=\"justify\"><span lang=\"tr-TR\">Being a young and rapidly growing company, WINDTHINK portfolio covers:<\/span><\/p>\r\n\r\n<ul>\r\n \t<li>\r\n<p lang=\"en-GB\" align=\"justify\"><span lang=\"tr-TR\">Managed to reached a project portfolio exceednig 2 GW<\/span><\/p>\r\n<\/li>\r\n \t<li>\r\n<p lang=\"en-GB\" align=\"justify\"><span lang=\"tr-TR\">Technical support for the development of projects exceeding <\/span><span lang=\"en-US\">600<\/span><span lang=\"tr-TR\"> MW<\/span><\/p>\r\n<\/li>\r\n \t<li>\r\n<p lang=\"en-GB\" align=\"justify\"><a name=\"_GoBack\"><\/a> <span lang=\"tr-TR\">Conceptual EBOP design for 1000 MW solar power plants (600+400 MW) together with 48 km power line design <\/span><\/p>\r\n<\/li>\r\n \t<li>\r\n<p lang=\"en-GB\" align=\"justify\"><span lang=\"tr-TR\">CBOP design for 72 km of wind farm access road and more than 80 hardstands<\/span><\/p>\r\n<\/li>\r\n \t<li>\r\n<p lang=\"en-GB\" align=\"justify\"><span lang=\"tr-TR\">Technical Due Diligence for a project portfolio of 592 MW<\/span><\/p>\r\n<\/li>\r\n<\/ul>\r\n<p class=\"western\" lang=\"en-GB\" align=\"justify\"><span lang=\"tr-TR\">As an international engineering company, WINDTHINK provides local presence in energy projects together with international industrial best practice and standards. WINDTHINK continious to provide successful services to various projects in Belarus, Bosnia and Herzegovina, Democratic Republic of Congo, Germany, Kosovo, Montenegro, Romania, Saudi Arabia, Turkey and Ukraine. <\/span><\/p>\r\n<p class=\"western\" lang=\"en-GB\" align=\"justify\"><\/p>","_et_gb_content_width":"","footnotes":""},"class_list":["post-82","page","type-page","status-publish","hentry"],"_links":{"self":[{"href":"https:\/\/wind-think.com\/en\/wp-json\/wp\/v2\/pages\/82","targetHints":{"allow":["GET"]}}],"collection":[{"href":"https:\/\/wind-think.com\/en\/wp-json\/wp\/v2\/pages"}],"about":[{"href":"https:\/\/wind-think.com\/en\/wp-json\/wp\/v2\/types\/page"}],"author":[{"embeddable":true,"href":"https:\/\/wind-think.com\/en\/wp-json\/wp\/v2\/users\/1"}],"replies":[{"embeddable":true,"href":"https:\/\/wind-think.com\/en\/wp-json\/wp\/v2\/comments?post=82"}],"version-history":[{"count":11,"href":"https:\/\/wind-think.com\/en\/wp-json\/wp\/v2\/pages\/82\/revisions"}],"predecessor-version":[{"id":642,"href":"https:\/\/wind-think.com\/en\/wp-json\/wp\/v2\/pages\/82\/revisions\/642"}],"wp:attachment":[{"href":"https:\/\/wind-think.com\/en\/wp-json\/wp\/v2\/media?parent=82"}],"curies":[{"name":"wp","href":"https:\/\/api.w.org\/{rel}","templated":true}]}}